{"id":278,"date":"2016-01-05T14:33:12","date_gmt":"2016-01-05T13:33:12","guid":{"rendered":"http:\/\/partner-logistic.com\/?page_id=278"},"modified":"2017-01-05T09:59:54","modified_gmt":"2017-01-05T08:59:54","slug":"devis","status":"publish","type":"page","link":"http:\/\/www.partner-logistic.com\/en\/devis\/","title":{"rendered":"QUOTATION"},"content":{"rendered":"<p><div class=\"vc_row wpb_row vc_row-fluid\"><div class=\"wpb_column vc_column_container vc_col-sm-12\"><div class=\"wpb_wrapper\"><div class=\"vc_separator wpb_content_element vc_separator_align_center vc_sep_width_100 vc_sep_pos_align_center vc_sep_color_grey\"><span\r\n\t\tclass=\"vc_sep_holder vc_sep_holder_l\"><span\t\t\tclass=\"vc_sep_line\"><\/span><\/span>\t\t<h4>Request Quotation<\/h4><span\r\n\t\tclass=\"vc_sep_holder vc_sep_holder_r\"><span class=\"vc_sep_line\"><\/span><\/span>\r\n\t<\/div>\r\n<\/div><\/div><\/div><div class=\"vc_row wpb_row vc_row-fluid\"><div class=\"wpb_column vc_column_container vc_col-sm-12\"><div class=\"wpb_wrapper\"><\/div><\/div><\/div><div class=\"vc_row wpb_row vc_row-fluid\"><div class=\"wpb_column vc_column_container vc_col-sm-12\"><div class=\"wpb_wrapper\">\r\n\t<div class=\"wpb_text_column wpb_content_element \">\r\n\t\t<div class=\"wpb_wrapper\">\r\n\t\t\t\n<div class=\"wpcf7 no-js\" id=\"wpcf7-f65-o2\" lang=\"fr-FR\" dir=\"ltr\">\n<div class=\"screen-reader-response\"><p role=\"status\" aria-live=\"polite\" aria-atomic=\"true\"><\/p> <ul><\/ul><\/div>\n<form action=\"\/en\/wp-json\/wp\/v2\/pages\/278#wpcf7-f65-o2\" method=\"post\" class=\"wpcf7-form init\" aria-label=\"Formulaire de contact\" novalidate=\"novalidate\" data-status=\"init\">\n<div style=\"display: none;\">\n<input type=\"hidden\" name=\"_wpcf7\" value=\"65\" \/>\n<input type=\"hidden\" name=\"_wpcf7_version\" value=\"5.8.4\" \/>\n<input type=\"hidden\" name=\"_wpcf7_locale\" value=\"fr_FR\" \/>\n<input type=\"hidden\" name=\"_wpcf7_unit_tag\" value=\"wpcf7-f65-o2\" \/>\n<input type=\"hidden\" name=\"_wpcf7_container_post\" value=\"0\" \/>\n<input type=\"hidden\" name=\"_wpcf7_posted_data_hash\" value=\"\" \/>\n<\/div>\n<table style=\"width:700px;\">\n\t<tr>\n\t\t<td  colspan=\"2\" style=\"text-align:center; padding-bottom:20px;\">\n\t\t\t<h4 style=\"font-size:12px;\">Coordonn\u00e9es\n\t\t\t<\/h4>\n\t\t<\/td>\n\t<\/tr>\n\t<tr>\n\t\t<td >\n\t\t\t<p><span class=\"wpcf7-form-control-wrap\" data-name=\"entreprisemandatee\"><input size=\"60\" class=\"wpcf7-form-control wpcf7-text wpcf7-validates-as-required\" aria-required=\"true\" aria-invalid=\"false\" placeholder=\"Entreprise\" value=\"\" type=\"text\" name=\"entreprisemandatee\" \/><\/span>\n\t\t\t<\/p>\n\t\t<\/td>\n\t\t<td style=\"float:right;\">\n\t\t\t<p><span class=\"wpcf7-form-control-wrap\" data-name=\"Nom\"><input size=\"60\" class=\"wpcf7-form-control wpcf7-text wpcf7-validates-as-required\" aria-required=\"true\" aria-invalid=\"false\" placeholder=\"Nom\/pr\u00e9nom\" value=\"\" type=\"text\" name=\"Nom\" \/><\/span>\n\t\t\t<\/p>\n\t\t<\/td>\n\t<\/tr>\n\t<tr>\n\t\t<td>\n\t\t\t<p><span class=\"wpcf7-form-control-wrap\" data-name=\"email\"><input size=\"60\" class=\"wpcf7-form-control wpcf7-email wpcf7-validates-as-required wpcf7-text wpcf7-validates-as-email\" aria-required=\"true\" aria-invalid=\"false\" placeholder=\"Votre e-mail\" value=\"\" type=\"email\" name=\"email\" \/><\/span>\n\t\t\t<\/p>\n\t\t<\/td>\n\t\t<td style=\"float:right;\">\n\t\t\t<p><span class=\"wpcf7-form-control-wrap\" data-name=\"Telephone\"><input size=\"60\" class=\"wpcf7-form-control wpcf7-text wpcf7-validates-as-required\" aria-required=\"true\" aria-invalid=\"false\" placeholder=\"T\u00e9l\u00e9phone\" value=\"\" type=\"text\" name=\"Telephone\" \/><\/span>\n\t\t\t<\/p>\n\t\t<\/td>\n\t<\/tr>\n\t<tr>\n\t\t<td colspan=\"2\" style=\"text-align:center; padding:20px 0px 20px ;\">\n\t\t\t<h4 style=\"font-size:12px;\">Enl\u00e8vement\n\t\t\t<\/h4>\n\t\t<\/td>\n\t<\/tr>\n\t<tr>\n\t\t<td>\n\t\t\t<p><span class=\"wpcf7-form-control-wrap\" data-name=\"organisationenlevement\"><input size=\"60\" class=\"wpcf7-form-control wpcf7-text wpcf7-validates-as-required\" aria-required=\"true\" aria-invalid=\"false\" placeholder=\"Nom de l&#039;entreprise\" value=\"\" type=\"text\" name=\"organisationenlevement\" \/><\/span>\n\t\t\t<\/p>\n\t\t<\/td>\n\t\t<td style=\"float:right;\">\n\t\t\t<p><span class=\"wpcf7-form-control-wrap\" data-name=\"telenlevement\"><input size=\"60\" class=\"wpcf7-form-control wpcf7-text wpcf7-validates-as-required\" aria-required=\"true\" aria-invalid=\"false\" placeholder=\"Contact \/T\u00e9l\" value=\"\" type=\"text\" name=\"telenlevement\" \/><\/span>\n\t\t\t<\/p>\n\t\t<\/td>\n\t<\/tr>\n\t<tr>\n\t\t<td>\n\t\t\t<p><span class=\"wpcf7-form-control-wrap\" data-name=\"Rueenlevement\"><input size=\"60\" class=\"wpcf7-form-control wpcf7-text wpcf7-validates-as-required\" aria-required=\"true\" aria-invalid=\"false\" placeholder=\"Rue et n\u00b0\" value=\"\" type=\"text\" name=\"Rueenlevement\" \/><\/span>\n\t\t\t<\/p>\n\t\t<\/td>\n\t\t<td style=\"float:right;\">\n\t\t\t<p><span class=\"wpcf7-form-control-wrap\" data-name=\"Villeenlevement\"><input size=\"60\" class=\"wpcf7-form-control wpcf7-text wpcf7-validates-as-required\" aria-required=\"true\" aria-invalid=\"false\" placeholder=\"Ville\" value=\"\" type=\"text\" name=\"Villeenlevement\" \/><\/span>\n\t\t\t<\/p>\n\t\t<\/td>\n\t<\/tr>\n\t<tr>\n\t\t<td>\n\t\t\t<p><span class=\"wpcf7-form-control-wrap\" data-name=\"Codepostalenlevement\"><input size=\"20\" class=\"wpcf7-form-control wpcf7-text wpcf7-validates-as-required\" aria-required=\"true\" aria-invalid=\"false\" placeholder=\"Code Postal\" value=\"\" type=\"text\" name=\"Codepostalenlevement\" \/><\/span>\n\t\t\t<\/p>\n\t\t<\/td>\n\t\t<td style=\"float:right;\">\n\t\t\t<p><span class=\"wpcf7-form-control-wrap\" data-name=\"Paysenlevement\"><input size=\"60\" class=\"wpcf7-form-control wpcf7-text wpcf7-validates-as-required\" aria-required=\"true\" aria-invalid=\"false\" placeholder=\"Pays\" value=\"\" type=\"text\" name=\"Paysenlevement\" \/><\/span>\n\t\t\t<\/p>\n\t\t<\/td>\n\t<\/tr>\n\t<tr>\n\t\t<td colspan=\"2\" style=\"height: 20px;\">\n\t\t<\/td>\n\t<\/tr>\n\t<tr>\n\t\t<td style=\"width:404px;\">\n\t\t\t<p>Date : Jour <span class=\"wpcf7-form-control-wrap\" data-name=\"jourenlevement\"><select class=\"wpcf7-form-control wpcf7-select\" aria-invalid=\"false\" name=\"jourenlevement\"><option value=\"1\">1<\/option><option value=\"2\">2<\/option><option value=\"3\">3<\/option><option value=\"4\">4<\/option><option value=\"5\">5<\/option><option value=\"6\">6<\/option><option value=\"7\">7<\/option><option value=\"8\">8<\/option><option value=\"9\">9<\/option><option value=\"10\">10<\/option><option value=\"11\">11<\/option><option value=\"12\">12<\/option><option value=\"13\">13<\/option><option value=\"14\">14<\/option><option value=\"15\">15<\/option><option value=\"16\">16<\/option><option value=\"17\">17<\/option><option value=\"18\">18<\/option><option value=\"19\">19<\/option><option value=\"20\">20<\/option><option value=\"21\">21<\/option><option value=\"22\">22<\/option><option value=\"23\">23<\/option><option value=\"24\">24<\/option><option value=\"25\">25<\/option><option value=\"26\">26<\/option><option value=\"27\">27<\/option><option value=\"28\">28<\/option><option value=\"29\">29<\/option><option value=\"30\">30<\/option><option value=\"31\">31<\/option><\/select><\/span> mois <span class=\"wpcf7-form-control-wrap\" data-name=\"moisenlevement\"><select class=\"wpcf7-form-control wpcf7-select\" aria-invalid=\"false\" name=\"moisenlevement\"><option value=\"janvier\">janvier<\/option><option value=\"f\u00e9vrier\">f\u00e9vrier<\/option><option value=\"mars\">mars<\/option><option value=\"avril\">avril<\/option><option value=\"mai\">mai<\/option><option value=\"juin\">juin<\/option><option value=\"juillet\">juillet<\/option><option value=\"ao\u00fbt\">ao\u00fbt<\/option><option value=\"septembre\">septembre<\/option><option value=\"octobre\">octobre<\/option><option value=\"novembre\">novembre<\/option><option value=\"d\u00e9cembre\">d\u00e9cembre<\/option><\/select><\/span>\n\t\t\t<\/p>\n\t\t<\/td>\n\t\t<td>\n\t\t\t<p>Heure <span class=\"wpcf7-form-control-wrap\" data-name=\"heureenlevement\"><select class=\"wpcf7-form-control wpcf7-select\" aria-invalid=\"false\" name=\"heureenlevement\"><option value=\"1h\">1h<\/option><option value=\"2h\">2h<\/option><option value=\"3h\">3h<\/option><option value=\"4h\">4h<\/option><option value=\"5h\">5h<\/option><option value=\"6h\">6h<\/option><option value=\"7h\">7h<\/option><option value=\"8h\">8h<\/option><option value=\"9h\">9h<\/option><option value=\"10h\">10h<\/option><option value=\"11h\">11h<\/option><option value=\"12h\">12h<\/option><option value=\"13h\">13h<\/option><option value=\"14h\">14h<\/option><option value=\"15h\">15h<\/option><option value=\"16h\">16h<\/option><option value=\"17h\">17h<\/option><option value=\"18h\">18h<\/option><option value=\"19h\">19h<\/option><option value=\"20h\">20h<\/option><option value=\"21h\">21h<\/option><option value=\"22h\">22h<\/option><option value=\"23h\">23h<\/option><option value=\"24h\">24h<\/option><\/select><\/span> : min. <span class=\"wpcf7-form-control-wrap\" data-name=\"minutesenlevement\"><select class=\"wpcf7-form-control wpcf7-select\" aria-invalid=\"false\" name=\"minutesenlevement\"><option value=\"00\">00<\/option><option value=\"30\">30<\/option><\/select><\/span>\n\t\t\t<\/p>\n\t\t<\/td>\n\t<\/tr>\n\t<tr>\n\t\t<td colspan=\"2\" style=\"text-align:center; padding:20px 0px 20px ;\">\n\t\t\t<h4 style=\"font-size:12px;\">Livraison\n\t\t\t<\/h4>\n\t\t<\/td>\n\t<\/tr>\n\t<tr>\n\t\t<td>\n\t\t\t<p><span class=\"wpcf7-form-control-wrap\" data-name=\"organisationlivraison\"><input size=\"60\" class=\"wpcf7-form-control wpcf7-text wpcf7-validates-as-required\" aria-required=\"true\" aria-invalid=\"false\" placeholder=\"Nom de l&#039;entreprise\" value=\"\" type=\"text\" name=\"organisationlivraison\" \/><\/span>\n\t\t\t<\/p>\n\t\t<\/td>\n\t\t<td style=\"float:right;\">\n\t\t\t<p><span class=\"wpcf7-form-control-wrap\" data-name=\"tellivraison\"><input size=\"60\" class=\"wpcf7-form-control wpcf7-text wpcf7-validates-as-required\" aria-required=\"true\" aria-invalid=\"false\" placeholder=\"Contact\/t\u00e9l\" value=\"\" type=\"text\" name=\"tellivraison\" \/><\/span>\n\t\t\t<\/p>\n\t\t<\/td>\n\t<\/tr>\n\t<tr>\n\t\t<td>\n\t\t\t<p><span class=\"wpcf7-form-control-wrap\" data-name=\"Ruelivraison\"><input size=\"60\" class=\"wpcf7-form-control wpcf7-text wpcf7-validates-as-required\" aria-required=\"true\" aria-invalid=\"false\" placeholder=\"Rue et n\u00b0\" value=\"\" type=\"text\" name=\"Ruelivraison\" \/><\/span>\n\t\t\t<\/p>\n\t\t<\/td>\n\t\t<td style=\"float:right;\">\n\t\t\t<p><span class=\"wpcf7-form-control-wrap\" data-name=\"Villelivraison\"><input size=\"60\" class=\"wpcf7-form-control wpcf7-text wpcf7-validates-as-required\" aria-required=\"true\" aria-invalid=\"false\" placeholder=\"Ville\" value=\"\" type=\"text\" name=\"Villelivraison\" \/><\/span>\n\t\t\t<\/p>\n\t\t<\/td>\n\t<\/tr>\n\t<tr>\n\t\t<td>\n\t\t\t<p><span class=\"wpcf7-form-control-wrap\" data-name=\"codepsotallivraison\"><input size=\"20\" class=\"wpcf7-form-control wpcf7-text wpcf7-validates-as-required\" aria-required=\"true\" aria-invalid=\"false\" placeholder=\"Code Postal\" value=\"\" type=\"text\" name=\"codepsotallivraison\" \/><\/span>\n\t\t\t<\/p>\n\t\t<\/td>\n\t\t<td style=\"float:right;\">\n\t\t\t<p><span class=\"wpcf7-form-control-wrap\" data-name=\"Payslivraison\"><input size=\"60\" class=\"wpcf7-form-control wpcf7-text wpcf7-validates-as-required\" aria-required=\"true\" aria-invalid=\"false\" placeholder=\"Pays\" value=\"\" type=\"text\" name=\"Payslivraison\" \/><\/span>\n\t\t\t<\/p>\n\t\t<\/td>\n\t<\/tr>\n\t<tr>\n\t\t<td colspan=\"2\" style=\"height: 20px;\">\n\t\t<\/td>\n\t<\/tr>\n\t<tr>\n\t\t<td style=\"width:404px;\">\n\t\t\t<p>Date : Jour <span class=\"wpcf7-form-control-wrap\" data-name=\"jourlivraison\"><select class=\"wpcf7-form-control wpcf7-select\" aria-invalid=\"false\" name=\"jourlivraison\"><option value=\"1\">1<\/option><option value=\"2\">2<\/option><option value=\"3\">3<\/option><option value=\"4\">4<\/option><option value=\"5\">5<\/option><option value=\"6\">6<\/option><option value=\"7\">7<\/option><option value=\"8\">8<\/option><option value=\"9\">9<\/option><option value=\"10\">10<\/option><option value=\"11\">11<\/option><option value=\"12\">12<\/option><option value=\"13\">13<\/option><option value=\"14\">14<\/option><option value=\"15\">15<\/option><option value=\"16\">16<\/option><option value=\"17\">17<\/option><option value=\"18\">18<\/option><option value=\"19\">19<\/option><option value=\"20\">20<\/option><option value=\"21\">21<\/option><option value=\"22\">22<\/option><option value=\"23\">23<\/option><option value=\"24\">24<\/option><option value=\"25\">25<\/option><option value=\"26\">26<\/option><option value=\"27\">27<\/option><option value=\"28\">28<\/option><option value=\"29\">29<\/option><option value=\"30\">30<\/option><option value=\"31\">31<\/option><\/select><\/span> mois <span class=\"wpcf7-form-control-wrap\" data-name=\"moislivraison\"><select class=\"wpcf7-form-control wpcf7-select\" aria-invalid=\"false\" name=\"moislivraison\"><option value=\"janvier\">janvier<\/option><option value=\"f\u00e9vrier\">f\u00e9vrier<\/option><option value=\"mars\">mars<\/option><option value=\"avril\">avril<\/option><option value=\"mai\">mai<\/option><option value=\"juin\">juin<\/option><option value=\"juillet\">juillet<\/option><option value=\"ao\u00fbt\">ao\u00fbt<\/option><option value=\"septembre\">septembre<\/option><option value=\"octobre\">octobre<\/option><option value=\"novembre\">novembre<\/option><option value=\"d\u00e9cembre\">d\u00e9cembre<\/option><\/select><\/span>\n\t\t\t<\/p>\n\t\t<\/td>\n\t\t<td>\n\t\t\t<p>Heure <span class=\"wpcf7-form-control-wrap\" data-name=\"heurelivraison\"><select class=\"wpcf7-form-control wpcf7-select\" aria-invalid=\"false\" name=\"heurelivraison\"><option value=\"1h\">1h<\/option><option value=\"2h\">2h<\/option><option value=\"3h\">3h<\/option><option value=\"4h\">4h<\/option><option value=\"5h\">5h<\/option><option value=\"6h\">6h<\/option><option value=\"7h\">7h<\/option><option value=\"8h\">8h<\/option><option value=\"9h\">9h<\/option><option value=\"10h\">10h<\/option><option value=\"11h\">11h<\/option><option value=\"12h\">12h<\/option><option value=\"13h\">13h<\/option><option value=\"14h\">14h<\/option><option value=\"15h\">15h<\/option><option value=\"16h\">16h<\/option><option value=\"17h\">17h<\/option><option value=\"18h\">18h<\/option><option value=\"19h\">19h<\/option><option value=\"20h\">20h<\/option><option value=\"21h\">21h<\/option><option value=\"22h\">22h<\/option><option value=\"23h\">23h<\/option><option value=\"24h\">24h<\/option><\/select><\/span> : min. <span class=\"wpcf7-form-control-wrap\" data-name=\"minuteslivraison\"><select class=\"wpcf7-form-control wpcf7-select\" aria-invalid=\"false\" name=\"minuteslivraison\"><option value=\"00\">00<\/option><option value=\"30\">30<\/option><\/select><\/span>\n\t\t\t<\/p>\n\t\t<\/td>\n\t<\/tr>\n\t<tr>\n\t\t<td colspan=\"2\" style=\"text-align:center; padding:20px 0px 20px ;\">\n\t\t\t<h4 style=\"font-size:12px;\">Type de transport\n\t\t\t<\/h4>\n\t\t<\/td>\n\t<\/tr>\n\t<tr>\n\t\t<td colspan=\"2\">\n\t\t\t<table style=\"width:100%;\">\n\t\t\t\t<tr>\n\t\t\t\t\t<td style=\"width:350px; text-align:left;\" >\n\t\t\t\t\t\t<p><span class=\"wpcf7-form-control-wrap\" data-name=\"Route\"><span class=\"wpcf7-form-control wpcf7-checkbox\"><span class=\"wpcf7-list-item first last\"><input type=\"checkbox\" name=\"Route[]\" value=\"Route\" \/><span class=\"wpcf7-list-item-label\">Route<\/span><\/span><\/span><\/span>\n\t\t\t\t\t\t<\/p>\n\t\t\t\t\t<\/td>\n\t\t\t\t\t<td >\n\t\t\t\t\t\t<p><span class=\"wpcf7-form-control-wrap\" data-name=\"Air\"><span class=\"wpcf7-form-control wpcf7-checkbox\"><span class=\"wpcf7-list-item first last\"><input type=\"checkbox\" name=\"Air[]\" value=\"Air\" \/><span class=\"wpcf7-list-item-label\">Air<\/span><\/span><\/span><\/span>\n\t\t\t\t\t\t<\/p>\n\t\t\t\t\t<\/td>\n\t\t\t\t\t<td style=\"float:right; padding-right:40px; \">\n\t\t\t\t\t\t<p><span class=\"wpcf7-form-control-wrap\" data-name=\"Mer\"><span class=\"wpcf7-form-control wpcf7-checkbox\"><span class=\"wpcf7-list-item first last\"><input type=\"checkbox\" name=\"Mer[]\" value=\"Mer\" \/><span class=\"wpcf7-list-item-label\">Mer<\/span><\/span><\/span><\/span>\n\t\t\t\t\t\t<\/p>\n\t\t\t\t\t<\/td>\n\t\t\t\t<\/tr>\n\t\t\t<\/table>\n\t\t<\/td>\n\t<\/tr>\n\t<tr>\n\t\t<td colspan=\"2\" style=\"text-align:center; padding:20px 0px 20px ;\">\n\t\t\t<h4 style=\"font-size:12px;\">D\u00e9lais de transport\n\t\t\t<\/h4>\n\t\t<\/td>\n\t<\/tr>\n\t<tr>\n\t\t<td>\n\t\t\t<p><span class=\"wpcf7-form-control-wrap\" data-name=\"transportexpress\"><span class=\"wpcf7-form-control wpcf7-checkbox\"><span class=\"wpcf7-list-item first last\"><input type=\"checkbox\" name=\"transportexpress[]\" value=\"Express\" \/><span class=\"wpcf7-list-item-label\">Express<\/span><\/span><\/span><\/span>\n\t\t\t<\/p>\n\t\t<\/td>\n\t\t<td style=\"float:right;\">\n\t\t\t<p><span class=\"wpcf7-form-control-wrap\" data-name=\"transportgroupage\"><span class=\"wpcf7-form-control wpcf7-checkbox\"><span class=\"wpcf7-list-item first last\"><input type=\"checkbox\" name=\"transportgroupage[]\" value=\"Groupage\" \/><span class=\"wpcf7-list-item-label\">Groupage<\/span><\/span><\/span><\/span>\n\t\t\t<\/p>\n\t\t<\/td>\n\t<\/tr>\n\t<tr>\n\t\t<td colspan=\"2\" style=\"height: 20px;\">\n\t\t<\/td>\n\t<\/tr>\n\t<tr>\n\t\t<td colspan=\"2\">\n\t\t\t<table style=\" width:100%;\">\n\t\t\t\t<tr>\n\t\t\t\t\t<td>\n\t\t\t\t\t\t<p>Quantit\u00e9 <span class=\"wpcf7-form-control-wrap\" data-name=\"Nbre\"><input size=\"5\" class=\"wpcf7-form-control wpcf7-text wpcf7-validates-as-required\" aria-required=\"true\" aria-invalid=\"false\" value=\"\" type=\"text\" name=\"Nbre\" \/><\/span>\n\t\t\t\t\t\t<\/p>\n\t\t\t\t\t<\/td>\n\t\t\t\t\t<td >\n\t\t\t\t\t<\/td>\n\t\t\t\t\t<td style=\"text-align:center;\">\n\t\t\t\t\t\t<p>Type de colis <span class=\"wpcf7-form-control-wrap\" data-name=\"Typedecolis\"><select class=\"wpcf7-form-control wpcf7-select wpcf7-validates-as-required\" aria-required=\"true\" aria-invalid=\"false\" name=\"Typedecolis\"><option value=\"\">&#8212;Veuillez choisir une option&#8212;<\/option><option value=\"Palette euro\">Palette euro<\/option><option value=\"Palette 100\/120\">Palette 100\/120<\/option><option value=\"Palette 120\/120\">Palette 120\/120<\/option><option value=\"Palette Hors norme\">Palette Hors norme<\/option><option value=\"F\u00fbt\">F\u00fbt<\/option><option value=\"Bidon\">Bidon<\/option><option value=\"Container\">Container<\/option><option value=\"Carton\/Caisse\">Carton\/Caisse<\/option><option value=\"Vrac\">Vrac<\/option><option value=\"Divers\">Divers<\/option><\/select><\/span>\n\t\t\t\t\t\t<\/p>\n\t\t\t\t\t<\/td>\n\t\t\t\t\t<td style=\"float:right;\">\n\t\t\t\t\t\t<p>Superposable <span class=\"wpcf7-form-control-wrap\" data-name=\"Superposable\"><select class=\"wpcf7-form-control wpcf7-select wpcf7-validates-as-required\" aria-required=\"true\" aria-invalid=\"false\" name=\"Superposable\"><option value=\"Oui\">Oui<\/option><option value=\"Non\">Non<\/option><\/select><\/span>\n\t\t\t\t\t\t<\/p>\n\t\t\t\t\t<\/td>\n\t\t\t\t\t<td>\n\t\t\t\t\t<\/td>\n\t\t\t\t<\/tr>\n\t\t\t<\/table>\n\t\t<\/td>\n\t<\/tr>\n\t<tr>\n\t\t<td colspan=\"2\" style=\"height: 20px;\">\n\t\t<\/td>\n\t<\/tr>\n\t<tr>\n\t\t<td colspan=\"2\">\n\t\t\t<table style=\"width:100%;\">\n\t\t\t\t<td>\n\t\t\t\t\t<p>PB <span class=\"wpcf7-form-control-wrap\" data-name=\"pb\"><input size=\"20\" class=\"wpcf7-form-control wpcf7-text wpcf7-validates-as-required\" aria-required=\"true\" aria-invalid=\"false\" placeholder=\"PB\" value=\"\" type=\"text\" name=\"pb\" \/><\/span>\n\t\t\t\t\t<\/p>\n\t\t\t\t<\/td>\n\t\t\t\t<td>\n\t\t\t\t\t<p>Longueur <span class=\"wpcf7-form-control-wrap\" data-name=\"Longueur\"><input size=\"5\" class=\"wpcf7-form-control wpcf7-text wpcf7-validates-as-required\" aria-required=\"true\" aria-invalid=\"false\" value=\"\" type=\"text\" name=\"Longueur\" \/><\/span>\n\t\t\t\t\t<\/p>\n\t\t\t\t<\/td>\n\t\t\t\t<td>\n\t\t\t\t\t<p>Largeur <span class=\"wpcf7-form-control-wrap\" data-name=\"largeur\"><input size=\"5\" class=\"wpcf7-form-control wpcf7-text\" aria-invalid=\"false\" value=\"\" type=\"text\" name=\"largeur\" \/><\/span>\n\t\t\t\t\t<\/p>\n\t\t\t\t<\/td>\n\t\t\t\t<td style=\"float:right;\">\n\t\t\t\t\t<p>hauteur <span class=\"wpcf7-form-control-wrap\" data-name=\"hauteur\"><input size=\"5\" class=\"wpcf7-form-control wpcf7-text\" aria-invalid=\"false\" value=\"\" type=\"text\" name=\"hauteur\" \/><\/span>\n\t\t\t\t\t<\/p>\n\t\t\t\t<\/td>\n\t\t\t<\/table>\n\t\t<\/td>\n\t<\/tr>\n\t<tr>\n\t\t<td colspan=\"2\" style=\"height: 20px;\">\n\t\t<\/td>\n\t<\/tr>\n\t<tr>\n\t\t<td colspan=\"2\">\n\t\t\t<table  style=\"width:100%;\">\n\t\t\t\t<TR>\n\t\t\t\t\t<td>\n\t\t\t\t\t\t<p>Nature marchandise <span class=\"wpcf7-form-control-wrap\" data-name=\"naturemarchandise\"><input size=\"40\" class=\"wpcf7-form-control wpcf7-text wpcf7-validates-as-required\" aria-required=\"true\" aria-invalid=\"false\" value=\"\" type=\"text\" name=\"naturemarchandise\" \/><\/span>\n\t\t\t\t\t\t<\/p>\n\t\t\t\t\t<\/td>\n\t\t\t\t\t<td style=\"float:right;\">\n\t\t\t\t\t\t<p>Dangereux <span class=\"wpcf7-form-control-wrap\" data-name=\"Dangereux\"><select class=\"wpcf7-form-control wpcf7-select wpcf7-validates-as-required\" aria-required=\"true\" aria-invalid=\"false\" name=\"Dangereux\"><option value=\"Oui\">Oui<\/option><option value=\"Non\">Non<\/option><\/select><\/span>\n\t\t\t\t\t\t<\/p>\n\t\t\t\t\t<\/td>\n\t\t\t\t<\/tr>\n\t\t\t<\/table>\n\t\t<\/td>\n\t<\/tr>\n\t<tr>\n\t\t<td colspan=\"2\" style=\"height: 20px;\">\n\t\t<\/td>\n\t<\/tr>\n\t<tr>\n\t\t<td colspan=\"2\">\n\t\t\t<table  style=\"width:100%;\">\n\t\t\t\t<tr>\n\t\t\t\t\t<td>\n\t\t\t\t\t\t<p>UN N\u00b0 <span class=\"wpcf7-form-control-wrap\" data-name=\"UN\"><input size=\"20\" class=\"wpcf7-form-control wpcf7-text disablethis\" aria-invalid=\"false\" value=\"\" type=\"text\" name=\"UN\" \/><\/span>\n\t\t\t\t\t\t<\/p>\n\t\t\t\t\t<\/td>\n\t\t\t\t\t<td style=\"float:right;\">\n\t\t\t\t\t\t<p>Description <span class=\"wpcf7-form-control-wrap\" data-name=\"description\"><input size=\"60\" class=\"wpcf7-form-control wpcf7-text disablethis\" aria-invalid=\"false\" placeholder=\"Description\" value=\"\" type=\"text\" name=\"description\" \/><\/span>\n\t\t\t\t\t\t<\/p>\n\t\t\t\t\t<\/td>\n\t\t\t\t<\/tr>\n\t\t\t<\/table>\n\t\t<\/td>\n\t<\/tr>\n\t<tr>\n\t\t<td  colspan=\"2\" style=\"text-align:center; padding-top:20px; padding-bottom:20px;\">\n\t\t\t<h4 style=\"font-size:12px;\">Demande sp\u00e9cifique\n\t\t\t<\/h4>\n\t\t<\/td>\n\t<\/tr>\n\t<tr>\n\t\t<td colspan=\"2\">\n\t\t\t<p><span class=\"wpcf7-form-control-wrap\" data-name=\"message\"><textarea cols=\"130\" rows=\"10\" class=\"wpcf7-form-control wpcf7-textarea\" aria-invalid=\"false\" placeholder=\"Votre demande...\" name=\"message\"><\/textarea><\/span>\n\t\t\t<\/p>\n\t\t<\/td>\n\t<\/tr>\n\t<tr>\n\t\t<td>\n\t\t\t<p><input class=\"wpcf7-form-control wpcf7-submit has-spinner\" type=\"submit\" value=\"Envoyer\" \/>\n\t\t\t<\/p>\n\t\t<\/td>\n\t<\/tr>\n<\/table><div class=\"wpcf7-response-output\" aria-hidden=\"true\"><\/div>\n<\/form>\n<\/div>\n\n\r\n\t\t<\/div>\r\n\t<\/div>\r\n<\/div><\/div><\/div><\/p>","protected":false},"excerpt":{"rendered":"Request Quotation Coordonn\u00e9es Enl\u00e8vement Date : Jour 12345678910111213141516171819202122232425262728293031 mois janvierf\u00e9vriermarsavrilmaijuinjuilletao\u00fbtseptembreoctobrenovembred\u00e9cembre Heure 1h2h3h4h5h6h7h8h9h10h11h12h13h14h15h16h17h18h19h20h21h22h23h24h : min. 0030 Livraison Date : Jour 12345678910111213141516171819202122232425262728293031 mois janvierf\u00e9vriermarsavrilmaijuinjuilletao\u00fbtseptembreoctobrenovembred\u00e9cembre Heure 1h2h3h4h5h6h7h8h9h10h11h12h13h14h15h16h17h18h19h20h21h22h23h24h : min. 0030 Type de transport Route Air Mer D\u00e9lais de transport Express Groupage Quantit\u00e9 Type de colis &#8212;Veuillez choisir une option&#8212;Palette euroPalette 100\/120Palette 120\/120Palette Hors normeF\u00fbtBidonContainerCarton\/CaisseVracDivers Superposable OuiNon PB Longueur [...]","protected":false},"author":1,"featured_media":0,"parent":0,"menu_order":8,"comment_status":"closed","ping_status":"closed","template":"","meta":{"footnotes":""},"_links":{"self":[{"href":"http:\/\/www.partner-logistic.com\/en\/wp-json\/wp\/v2\/pages\/278"}],"collection":[{"href":"http:\/\/www.partner-logistic.com\/en\/wp-json\/wp\/v2\/pages"}],"about":[{"href":"http:\/\/www.partner-logistic.com\/en\/wp-json\/wp\/v2\/types\/page"}],"author":[{"embeddable":true,"href":"http:\/\/www.partner-logistic.com\/en\/wp-json\/wp\/v2\/users\/1"}],"replies":[{"embeddable":true,"href":"http:\/\/www.partner-logistic.com\/en\/wp-json\/wp\/v2\/comments?post=278"}],"version-history":[{"count":6,"href":"http:\/\/www.partner-logistic.com\/en\/wp-json\/wp\/v2\/pages\/278\/revisions"}],"predecessor-version":[{"id":497,"href":"http:\/\/www.partner-logistic.com\/en\/wp-json\/wp\/v2\/pages\/278\/revisions\/497"}],"wp:attachment":[{"href":"http:\/\/www.partner-logistic.com\/en\/wp-json\/wp\/v2\/media?parent=278"}],"curies":[{"name":"wp","href":"https:\/\/api.w.org\/{rel}","templated":true}]}}