{"id":573,"date":"2017-01-17T15:51:02","date_gmt":"2017-01-17T14:51:02","guid":{"rendered":"http:\/\/www.partner-logistic.com\/?page_id=573"},"modified":"2019-04-01T12:54:44","modified_gmt":"2019-04-01T11:54:44","slug":"useful-links","status":"publish","type":"page","link":"http:\/\/www.partner-logistic.com\/en\/useful-links\/","title":{"rendered":"Useful links"},"content":{"rendered":"\n<p> <br><a rel=\"noreferrer noopener\" href=\"https:\/\/www.bito-ibot.be\/fr\/conditions-generales-belges-dexpedition\/\" target=\"_blank\">Conditions G\u00e9n\u00e9rales Belges d&#8217;Exp\u00e9dition<\/a> <\/p>\n\n\n\n<p><a href=\"https:\/\/finances.belgium.be\/fr\/douanes_accises\/entreprises\/finances-eori\/eori?TNTUID=6002131350&amp;MID=651446143&amp;UID=7150972283&amp;utm_campaign=BNL+Brexit+EORI+number+Deferment+account+BE+FR&amp;utm_medium=email&amp;utm_\">Enregistrez-vous pour obtenir un num\u00e9ro d\u2019identification et d\u2019immatriculation d\u2019op\u00e9rateur \u00e9conomique (EORI) belge <\/a><\/p>\n\n\n\n<p><a href=\"https:\/\/eservices.minfin.fgov.be\/extTariffBrowser\/Browser?lang=FR&amp;date=20190114\">Nouveau TARBEL <\/a><\/p>\n\n\n\n<p><a href=\"https:\/\/eservices.minfin.fgov.be\/extTariffBrowser\/resourceHomePage.xhtml?fileID=taux_change.html&amp;lang=FR\">Taux de change <\/a><\/p>\n\n\n\n<p><a href=\"https:\/\/www.gov.uk\/guidance\/transport-goods-out-of-the-uk-by-road-if-the-uk-leaves-the-eu-without-a-deal-checklist-for-hauliers\">BREXIT UK Government <\/a><\/p>\n","protected":false},"excerpt":{"rendered":"<p>Conditions G\u00e9n\u00e9rales Belges d&#8217;Exp\u00e9dition Enregistrez-vous pour obtenir un num\u00e9ro d\u2019identification et d\u2019immatriculation d\u2019op\u00e9rateur \u00e9conomique (EORI) belge Nouveau TARBEL Taux de change BREXIT UK Government<\/p>\n","protected":false},"author":1,"featured_media":0,"parent":0,"menu_order":0,"comment_status":"closed","ping_status":"closed","template":"","meta":{"footnotes":""},"_links":{"self":[{"href":"http:\/\/www.partner-logistic.com\/en\/wp-json\/wp\/v2\/pages\/573"}],"collection":[{"href":"http:\/\/www.partner-logistic.com\/en\/wp-json\/wp\/v2\/pages"}],"about":[{"href":"http:\/\/www.partner-logistic.com\/en\/wp-json\/wp\/v2\/types\/page"}],"author":[{"embeddable":true,"href":"http:\/\/www.partner-logistic.com\/en\/wp-json\/wp\/v2\/users\/1"}],"replies":[{"embeddable":true,"href":"http:\/\/www.partner-logistic.com\/en\/wp-json\/wp\/v2\/comments?post=573"}],"version-history":[{"count":24,"href":"http:\/\/www.partner-logistic.com\/en\/wp-json\/wp\/v2\/pages\/573\/revisions"}],"predecessor-version":[{"id":648,"href":"http:\/\/www.partner-logistic.com\/en\/wp-json\/wp\/v2\/pages\/573\/revisions\/648"}],"wp:attachment":[{"href":"http:\/\/www.partner-logistic.com\/en\/wp-json\/wp\/v2\/media?parent=573"}],"curies":[{"name":"wp","href":"https:\/\/api.w.org\/{rel}","templated":true}]}}